{"id":339,"date":"2018-01-22T15:11:07","date_gmt":"2018-01-22T19:11:07","guid":{"rendered":"http:\/\/ayuntamiento.o\/transparencia\/?page_id=339"},"modified":"2025-03-10T23:19:06","modified_gmt":"2025-03-11T03:19:06","slug":"como-ser-proveedor","status":"publish","type":"page","link":"https:\/\/ayuntamientojimaabajo.gob.do\/transparencia\/como-ser-proveedor\/","title":{"rendered":"\u00bfC\u00f3mo ser proveedor?"},"content":{"rendered":"<h4><strong>REQUISITOS PARA REGISTRARSE COMO PROVEEDOR\/A DEL ESTADO.<\/strong><\/h4>\n<p>Los requisitos para el Registro de Proveedor del Estado (RPE) var\u00edan por tipo de persona f\u00edsica o jur\u00eddica que hace la solicitud. Ingresa a la categor\u00eda de tu inter\u00e9s para conocer los requerimientos:<\/p>\n<h4><strong>PERSONAS F\u00cdSICAS NACIONALES<\/strong><\/h4>\n<ul>\n<li>Estar inscrita en el\u00a0<a href=\"https:\/\/dgii.gov.do\/servicios\/Paginas\/cat-RNC.aspx\"><strong>Registro Nacional del Contribuyente (RNC)<\/strong><\/a>.<\/li>\n<li>Completar formulario de solicitud en l\u00ednea\u00a0<a href=\"http:\/\/portaltransaccional.gob.do\/\"><strong>Sistema Electr\u00f3nico de Contrataciones P\u00fablicas (SECP)<\/strong><\/a>, o de<a href=\"https:\/\/www.dgcp.gob.do\/wp-content\/uploads\/servicios\/Formulario-Solicitud.pdf\"><strong>manera presencial,<\/strong><\/a>\u00a0asegur\u00e1ndote de que todos los campos est\u00e9n debidamente completados.<\/li>\n<li><strong>Certificaci\u00f3n bancaria debidamente firmada y sellada por el banco emisor,<\/strong>donde se visualice n\u00famero completo, tipo de cuenta (Ahorro o corriente), divisa (tipo de moneda) y nombre del titular con su n\u00famero de documento de identidad, el cual debe corresponderse con el proveedor\/a a inscribir. Este documento es necesario para la inscripci\u00f3n de tu cuenta bancaria para recibir pagos relativos a procedimientos de compras del Estado dominicano.<\/li>\n<\/ul>\n<h4>PERSONAS JUR\u00cdDICAS NACIONALES<\/h4>\n<p><strong>Requisitos para Sociedades Comerciales Nacionales:<\/strong><\/p>\n<ul>\n<li>Completar formulario de solicitud en l\u00ednea<a href=\"http:\/\/portaltransaccional.gob.do\/\"><strong>Sistema Electr\u00f3nico de Contrataciones P\u00fablicas (SECP)<\/strong><\/a>, o de<a href=\"https:\/\/www.dgcp.gob.do\/wp-content\/uploads\/servicios\/Formulario-Solicitud.pdf\"><strong>\u00a0<\/strong><strong>manera presencial,<\/strong><\/a>\u00a0asegur\u00e1ndote de que todos los campos est\u00e9n debidamente completados.<\/li>\n<li>Certificado de<a href=\"https:\/\/www.camarasantodomingo.do\/https-www-camarasantodomingo-do-registro-mercantil\/\"><strong>registro mercantil<\/strong><strong>\u00a0<\/strong><\/a>emitido por la C\u00e1mara de Comercio y Producci\u00f3n correspondiente, que se encuentre vigente.<\/li>\n<li>Copia de<strong>\u00faltima asamblea celebrada por la sociedad,<\/strong>\u00a0con su n\u00f3mina de presencia y\/o lista de suscriptores, debidamente registrada en la C\u00e1mara de Comercio y Producci\u00f3n correspondiente.<\/li>\n<li>De tener en tu composici\u00f3n societaria, empresas con una participaci\u00f3n igual o superior al 10% del capital social, deber\u00e1s completar la<a href=\"https:\/\/www.dgcp.gob.do\/wp-content\/uploads\/servicios\/Formulario-Beneficiario-simple-final.pdf\"><strong>declaraci\u00f3n simple sobre beneficiarios finales.<\/strong><\/a><\/li>\n<li>En aquellas sociedades comerciales que tenga dentro de su composici\u00f3n accionaria una empresa que cotice en la bolsa de valores, deber\u00e1s completar la<a href=\"https:\/\/www.dgcp.gob.do\/wp-content\/uploads\/servicios\/Formulario-Beneficiario-simple-final.pdf\"><strong>declaraci\u00f3n simple sobre beneficiarios finales,<\/strong><\/a>\u00a0en la cual debes indicar qui\u00e9nes son los miembros del consejo de administraci\u00f3n, consejo directivo con sus cargos, o gerentes (seg\u00fan aplique) y adjuntar copia de sus documentos de identidad. De igual modo, debes presentar el documento legal vigente que demuestre que dicha empresa cotiza en bolsa.<\/li>\n<li><strong>Certificaci\u00f3n bancaria debidamente firmada y sellada por el banco emisor,<\/strong>donde se visualice n\u00famero completo, tipo de cuenta (Ahorro o corriente), divisa (tipo de moneda) y nombre del titular con su n\u00famero de documento de identidad, el cual debe corresponderse con el proveedor\/a a inscribir. Este documento es necesario para la inscripci\u00f3n de tu cuenta bancaria para recibir pagos relativos a procedimientos de compras del Estado dominicano.<\/li>\n<\/ul>\n<h4><strong>Requisitos para las Empresas Individuales de Responsabilidad Limitada (E.I.R.L.) nacionales:<\/strong><\/h4>\n<ul>\n<li>Completar formulario de solicitud en l\u00ednea<a href=\"http:\/\/portaltransaccional.gob.do\/\"><strong>(Sistema Electr\u00f3nico de Contrataciones P\u00fablicas (SECP))<\/strong><\/a>, o de<a href=\"https:\/\/www.dgcp.gob.do\/wp-content\/uploads\/servicios\/Formulario-Solicitud.pdf\"><strong>\u00a0<\/strong><strong>manera presencial,<\/strong><\/a>\u00a0asegur\u00e1ndote de que todos los campos est\u00e9n debidamente completados.<\/li>\n<li><strong>Certificado de registro mercantil<\/strong>emitido por la C\u00e1mara de Comercio y Producci\u00f3n correspondiente, que se encuentre vigente.<\/li>\n<li><strong>Certificaci\u00f3n bancaria debidamente firmada y sellada por el banco emisor,<\/strong>donde se visualice n\u00famero completo, tipo de cuenta (Ahorro o corriente), divisa (tipo de moneda) y nombre del titular con su n\u00famero de documento de identidad, el cual debe corresponderse con el proveedor\/a a inscribir. Este documento es necesario para la inscripci\u00f3n de tu cuenta bancaria para recibir pagos relativos a procedimientos de compras del Estado dominicano.<\/li>\n<\/ul>\n","protected":false},"excerpt":{"rendered":"REQUISITOS PARA REGISTRARSE COMO PROVEEDOR\/A DEL ESTADO. Los requisitos para el Registro de Proveedor del Estado (RPE) var\u00edan por tipo de persona f\u00edsica o jur\u00eddica que hace la solicitud. Ingresa a la categor\u00eda de tu inter\u00e9s para conocer los requerimientos: PERSONAS F\u00cdSICAS NACIONALES Estar inscrita en el\u00a0Registro Nacional del Contribuyente (RNC). Completar formulario de solicitud&#8230;","protected":false},"author":4,"featured_media":0,"parent":0,"menu_order":0,"comment_status":"closed","ping_status":"closed","template":"","meta":[],"acf":[],"_links":{"self":[{"href":"https:\/\/ayuntamientojimaabajo.gob.do\/transparencia\/wp-json\/wp\/v2\/pages\/339"}],"collection":[{"href":"https:\/\/ayuntamientojimaabajo.gob.do\/transparencia\/wp-json\/wp\/v2\/pages"}],"about":[{"href":"https:\/\/ayuntamientojimaabajo.gob.do\/transparencia\/wp-json\/wp\/v2\/types\/page"}],"author":[{"embeddable":true,"href":"https:\/\/ayuntamientojimaabajo.gob.do\/transparencia\/wp-json\/wp\/v2\/users\/4"}],"replies":[{"embeddable":true,"href":"https:\/\/ayuntamientojimaabajo.gob.do\/transparencia\/wp-json\/wp\/v2\/comments?post=339"}],"version-history":[{"count":2,"href":"https:\/\/ayuntamientojimaabajo.gob.do\/transparencia\/wp-json\/wp\/v2\/pages\/339\/revisions"}],"predecessor-version":[{"id":632,"href":"https:\/\/ayuntamientojimaabajo.gob.do\/transparencia\/wp-json\/wp\/v2\/pages\/339\/revisions\/632"}],"wp:attachment":[{"href":"https:\/\/ayuntamientojimaabajo.gob.do\/transparencia\/wp-json\/wp\/v2\/media?parent=339"}],"curies":[{"name":"wp","href":"https:\/\/api.w.org\/{rel}","templated":true}]}}