{"id":56,"date":"2017-12-12T10:55:12","date_gmt":"2017-12-12T14:55:12","guid":{"rendered":"http:\/\/ayuntamiento.guineo\/transparencia\/?page_id=56"},"modified":"2025-03-10T12:10:25","modified_gmt":"2025-03-10T16:10:25","slug":"derechos-de-los-ciudadanos","status":"publish","type":"page","link":"https:\/\/ayuntamientojimaabajo.gob.do\/transparencia\/derechos-de-los-ciudadanos\/","title":{"rendered":"Derechos de los Ciudadanos"},"content":{"rendered":"<h6><strong>Derecho al Ciudadano:<\/strong><\/h6>\n<ul>\n<li>\n<h6>SOLICITAR<strong>:<\/strong>\u00a0Informaci\u00f3n de cualquier \u00f3rgano del Estado Dominicano y de todas las sociedades an\u00f3nimas, compa\u00f1\u00edas an\u00f3nimas o compa\u00f1\u00edas por acciones con participaci\u00f3n estatal.<\/h6>\n<\/li>\n<li>\n<h6>RECIBIR<strong>:\u00a0<\/strong>Informaci\u00f3n completa, veraz, adecuada y oportuna de cualquier \u00f3rgano del Estado Dominicano y de todas las sociedades an\u00f3nimas, compa\u00f1\u00edas an\u00f3nimas o compa\u00f1\u00edas por acciones con participaci\u00f3n estatal.<\/h6>\n<\/li>\n<li>\n<h6>ACCESO<strong>:\u00a0<\/strong>Gratuito a la informaci\u00f3n en tanto que no se requiera reproducci\u00f3n de la misma.<\/h6>\n<\/li>\n<li>\n<h6>SOLICITAR<strong>:\u00a0<\/strong>Recibir y difundir informaciones pertenecientes a la administraci\u00f3n del Estado.<\/h6>\n<\/li>\n<li>\n<h6>CONOCER<strong>:\u00a0<\/strong>Los proyectos de reglamentos y otras disposiciones de car\u00e1cter general que rigen las relaciones entre los particulares y la administraci\u00f3n.<\/h6>\n<\/li>\n<li>\n<h6>OPINAR<strong>:\u00a0<\/strong>Sobre los proyectos de reglamentos y otras disposiciones de car\u00e1cter general que rigen las relaciones entre los particulares y la administraci\u00f3n.<\/h6>\n<\/li>\n<li>\n<h6>OBTENER<strong>:<\/strong>\u00a0Informaci\u00f3n sobre los servicios que ofrece el Estado y sus tarifas.<\/h6>\n<\/li>\n<li>\n<h6>SABER<strong>:\u00a0<\/strong>La estructura, integrantes, normativas de funcionamiento, proyectos, informes de gesti\u00f3n, y bases de datos de la administraci\u00f3n p\u00fablica.<\/h6>\n<\/li>\n<li>\n<h6>CONOCER<strong>:\u00a0<\/strong>Sobre los presupuestos y c\u00e1lculos de recursos y gastos aprobados, su evoluci\u00f3n y estado de ejecuci\u00f3n.<\/h6>\n<\/li>\n<li>\n<h6>TENER<strong>:\u00a0<\/strong>Informaci\u00f3n sobre los programas y proyectos, sus presupuestos, plazos, ejecuci\u00f3n y supervisi\u00f3n.<\/h6>\n<\/li>\n<li>\n<h6>ESTAR<strong>:\u00a0<\/strong>Al tanto sobra las licitaciones, concursos, compras, gastos y resultados.<\/h6>\n<\/li>\n<li>\n<h6>ACCEDER<strong>:\u00a0<\/strong>A la n\u00f3mina del estado y sus remuneraciones.<\/h6>\n<\/li>\n<li>\n<h6>CONOCER<strong>:\u00a0<\/strong>La declaraci\u00f3n jurada patrimonial de los funcionarios del Estado cuando su presentaci\u00f3n corresponda por la ley.<\/h6>\n<\/li>\n<li>\n<h6>RECIBIR<strong>:\u00a0<\/strong>Informaci\u00f3n sobre el listado de beneficiarios de programas asistenciales, subsidios, becas, jubilaciones, pensiones y retiros.<\/h6>\n<\/li>\n<li>\n<h6>SABER<strong>:\u00a0<\/strong>Sobre el estado de cuantas, de la deuda p\u00fablica, su vencimiento y pagos.<\/h6>\n<\/li>\n<li>\n<h6>BUSCAR<strong>:\u00a0<\/strong>Las leyes, decretos, resoluciones, disposiciones, marcos regulatorios y cualquier tipo de normativa.<\/h6>\n<\/li>\n<li>\n<h6>SOLICITAR Y RECIBIR<strong>:\u00a0<\/strong>Oportunamente cualquier tipo de documentaci\u00f3n financiera relativa al presupuesto p\u00fablico.<\/p>\n<p><strong>En cumplimiento a la Ley 200-04 y el Decreto 130-05, el acceso a la informaci\u00f3n<\/strong><br \/>\n<strong>se har\u00e1 efectivo siempre y cuando no afecte la seguridad nacional, el orden<\/strong><br \/>\n<strong>p\u00fablico, la salud o la moral p\u00fablica o el derecho a la privacidad e intimidad de un<\/strong><br \/>\n<strong>tercero o el derecho a la reputaci\u00f3n de los dem\u00e1s.<\/strong><\/h6>\n<\/li>\n<\/ul>\n","protected":false},"excerpt":{"rendered":"Derecho al Ciudadano: SOLICITAR:\u00a0Informaci\u00f3n de cualquier \u00f3rgano del Estado Dominicano y de todas las sociedades an\u00f3nimas, compa\u00f1\u00edas an\u00f3nimas o compa\u00f1\u00edas por acciones con participaci\u00f3n estatal. RECIBIR:\u00a0Informaci\u00f3n completa, veraz, adecuada y oportuna de cualquier \u00f3rgano del Estado Dominicano y de todas las sociedades an\u00f3nimas, compa\u00f1\u00edas an\u00f3nimas o compa\u00f1\u00edas por acciones con participaci\u00f3n estatal. ACCESO:\u00a0Gratuito a la&#8230;","protected":false},"author":4,"featured_media":0,"parent":0,"menu_order":0,"comment_status":"closed","ping_status":"closed","template":"","meta":[],"acf":[],"_links":{"self":[{"href":"https:\/\/ayuntamientojimaabajo.gob.do\/transparencia\/wp-json\/wp\/v2\/pages\/56"}],"collection":[{"href":"https:\/\/ayuntamientojimaabajo.gob.do\/transparencia\/wp-json\/wp\/v2\/pages"}],"about":[{"href":"https:\/\/ayuntamientojimaabajo.gob.do\/transparencia\/wp-json\/wp\/v2\/types\/page"}],"author":[{"embeddable":true,"href":"https:\/\/ayuntamientojimaabajo.gob.do\/transparencia\/wp-json\/wp\/v2\/users\/4"}],"replies":[{"embeddable":true,"href":"https:\/\/ayuntamientojimaabajo.gob.do\/transparencia\/wp-json\/wp\/v2\/comments?post=56"}],"version-history":[{"count":3,"href":"https:\/\/ayuntamientojimaabajo.gob.do\/transparencia\/wp-json\/wp\/v2\/pages\/56\/revisions"}],"predecessor-version":[{"id":578,"href":"https:\/\/ayuntamientojimaabajo.gob.do\/transparencia\/wp-json\/wp\/v2\/pages\/56\/revisions\/578"}],"wp:attachment":[{"href":"https:\/\/ayuntamientojimaabajo.gob.do\/transparencia\/wp-json\/wp\/v2\/media?parent=56"}],"curies":[{"name":"wp","href":"https:\/\/api.w.org\/{rel}","templated":true}]}}